{"id":2373,"date":"2024-12-19T12:46:23","date_gmt":"2024-12-19T12:46:23","guid":{"rendered":"https:\/\/inventorypeople.com\/application-dauto-inventaire\/"},"modified":"2024-12-19T12:46:23","modified_gmt":"2024-12-19T12:46:23","slug":"application-dauto-inventaire","status":"publish","type":"page","link":"https:\/\/inventorypeople.com\/fr\/application-dauto-inventaire\/","title":{"rendered":"Application d&rsquo;auto-inventaire"},"content":{"rendered":"\t\t<div data-elementor-type=\"wp-page\" data-elementor-id=\"2373\" class=\"elementor elementor-2373 elementor-1962\" data-elementor-post-type=\"page\">\n\t\t\t\t\t\t<section class=\"elementor-section elementor-top-section elementor-element elementor-element-c0202fa elementor-section-height-min-height elementor-section-boxed elementor-section-height-default elementor-section-items-middle\" data-id=\"c0202fa\" data-element_type=\"section\" data-settings=\"{&quot;background_background&quot;:&quot;classic&quot;}\">\n\t\t\t\t\t\t\t<div class=\"elementor-background-overlay\"><\/div>\n\t\t\t\t\t\t\t<div class=\"elementor-container elementor-column-gap-no\">\n\t\t\t\t\t<div class=\"elementor-column elementor-col-100 elementor-top-column elementor-element elementor-element-dc94c7e\" data-id=\"dc94c7e\" data-element_type=\"column\">\n\t\t\t<div class=\"elementor-widget-wrap elementor-element-populated\">\n\t\t\t\t\t\t<div class=\"elementor-element elementor-element-6502bcf elementor-invisible elementor-widget elementor-widget-heading\" data-id=\"6502bcf\" data-element_type=\"widget\" data-settings=\"{&quot;_animation&quot;:&quot;fadeInUp&quot;}\" data-widget_type=\"heading.default\">\n\t\t\t\t<div class=\"elementor-widget-container\">\n\t\t\t<style>\/*! elementor - v3.23.0 - 15-07-2024 *\/\n.elementor-heading-title{padding:0;margin:0;line-height:1}.elementor-widget-heading .elementor-heading-title[class*=elementor-size-]>a{color:inherit;font-size:inherit;line-height:inherit}.elementor-widget-heading .elementor-heading-title.elementor-size-small{font-size:15px}.elementor-widget-heading .elementor-heading-title.elementor-size-medium{font-size:19px}.elementor-widget-heading .elementor-heading-title.elementor-size-large{font-size:29px}.elementor-widget-heading .elementor-heading-title.elementor-size-xl{font-size:39px}.elementor-widget-heading .elementor-heading-title.elementor-size-xxl{font-size:59px}<\/style><h2 class=\"elementor-heading-title elementor-size-default\">Une solution d'auto-inventaire abordable : voici SIA.\n\n<\/h2>\t\t<\/div>\n\t\t\t\t<\/div>\n\t\t\t\t<div class=\"elementor-element elementor-element-ce0a68e elementor-invisible elementor-widget elementor-widget-heading\" data-id=\"ce0a68e\" data-element_type=\"widget\" data-settings=\"{&quot;_animation&quot;:&quot;fadeInUp&quot;}\" data-widget_type=\"heading.default\">\n\t\t\t\t<div class=\"elementor-widget-container\">\n\t\t\t<h1 class=\"elementor-heading-title elementor-size-default\">Optimisez la gestion de votre inventaire avec SIA, propuls\u00e9 par RGIS.<\/h1>\t\t<\/div>\n\t\t\t\t<\/div>\n\t\t\t\t<div class=\"elementor-element elementor-element-7c6373a elementor-invisible elementor-widget elementor-widget-text-editor\" data-id=\"7c6373a\" data-element_type=\"widget\" data-settings=\"{&quot;_animation&quot;:&quot;fadeInUp&quot;}\" data-widget_type=\"text-editor.default\">\n\t\t\t\t<div class=\"elementor-widget-container\">\n\t\t\t<style>\/*! elementor - v3.23.0 - 15-07-2024 *\/\n.elementor-widget-text-editor.elementor-drop-cap-view-stacked .elementor-drop-cap{background-color:#69727d;color:#fff}.elementor-widget-text-editor.elementor-drop-cap-view-framed .elementor-drop-cap{color:#69727d;border:3px solid;background-color:transparent}.elementor-widget-text-editor:not(.elementor-drop-cap-view-default) .elementor-drop-cap{margin-top:8px}.elementor-widget-text-editor:not(.elementor-drop-cap-view-default) .elementor-drop-cap-letter{width:1em;height:1em}.elementor-widget-text-editor .elementor-drop-cap{float:left;text-align:center;line-height:1;font-size:50px}.elementor-widget-text-editor .elementor-drop-cap-letter{display:inline-block}<\/style>\t\t\t\t\nL&rsquo;INNOVATION EST AU C\u0152UR DE NOTRE ENTREPRISE\n\t\t\t\t\t\t<\/div>\n\t\t\t\t<\/div>\n\t\t\t\t\t<\/div>\n\t\t<\/div>\n\t\t\t\t\t<\/div>\n\t\t<\/section>\n\t\t\t\t<section class=\"elementor-section elementor-top-section elementor-element elementor-element-d814125 elementor-section-boxed elementor-section-height-default elementor-section-height-default\" data-id=\"d814125\" data-element_type=\"section\" data-settings=\"{&quot;background_background&quot;:&quot;classic&quot;}\">\n\t\t\t\t\t\t<div class=\"elementor-container elementor-column-gap-default\">\n\t\t\t\t\t<div class=\"elementor-column elementor-col-50 elementor-top-column elementor-element elementor-element-ce4e4b2\" data-id=\"ce4e4b2\" data-element_type=\"column\">\n\t\t\t<div class=\"elementor-widget-wrap elementor-element-populated\">\n\t\t\t\t\t\t<div class=\"elementor-element elementor-element-6b52542 elementor-widget elementor-widget-image\" data-id=\"6b52542\" data-element_type=\"widget\" data-widget_type=\"image.default\">\n\t\t\t\t<div class=\"elementor-widget-container\">\n\t\t\t<style>\/*! elementor - v3.23.0 - 15-07-2024 *\/\n.elementor-widget-image{text-align:center}.elementor-widget-image a{display:inline-block}.elementor-widget-image a img[src$=\".svg\"]{width:48px}.elementor-widget-image img{vertical-align:middle;display:inline-block}<\/style>\t\t\t\t\t\t\t\t\t\t\t<a href=\"https:\/\/www.rgis.com\/news\/new-rgis-partner-in-canada\/\" target=\"_blank\" rel=\"noopener\">\n\t\t\t\t\t\t\t<img fetchpriority=\"high\" decoding=\"async\" width=\"800\" height=\"264\" src=\"https:\/\/inventorypeople.com\/wp-content\/uploads\/2024\/03\/IP_Powered_by_RGIS_Logo-1-1024x338.png\" class=\"attachment-large size-large wp-image-2095\" alt=\"\" srcset=\"https:\/\/inventorypeople.com\/wp-content\/uploads\/2024\/03\/IP_Powered_by_RGIS_Logo-1-1024x338.png 1024w, https:\/\/inventorypeople.com\/wp-content\/uploads\/2024\/03\/IP_Powered_by_RGIS_Logo-1-300x99.png 300w, https:\/\/inventorypeople.com\/wp-content\/uploads\/2024\/03\/IP_Powered_by_RGIS_Logo-1-768x253.png 768w, https:\/\/inventorypeople.com\/wp-content\/uploads\/2024\/03\/IP_Powered_by_RGIS_Logo-1-1536x507.png 1536w, https:\/\/inventorypeople.com\/wp-content\/uploads\/2024\/03\/IP_Powered_by_RGIS_Logo-1-2048x676.png 2048w\" sizes=\"(max-width: 800px) 100vw, 800px\" \/>\t\t\t\t\t\t\t\t<\/a>\n\t\t\t\t\t\t\t\t\t\t\t\t\t<\/div>\n\t\t\t\t<\/div>\n\t\t\t\t<div class=\"elementor-element elementor-element-49602dd elementor-widget elementor-widget-text-editor\" data-id=\"49602dd\" data-element_type=\"widget\" data-widget_type=\"text-editor.default\">\n\t\t\t\t<div class=\"elementor-widget-container\">\n\t\t\t\t\t\t\tSIA, propuls\u00e9 par <a href=\"https:\/\/www.rgis.com\/\" style=\"color: #769ccd; text-decoration: none; font-weight: 700;\" onmouseover=\"this.style.fontWeight=&#039;800&#039;; this.style.color=&#039;#769ccd&#039;\" onmouseout=\"this.style.fontWeight=&#039;700&#039;; this.style.color=&#039;#769ccd&#039;\" target=\"_blank\" rel=\"noopener\">RGIS<\/a>, est con\u00e7u pour la collecte et le comptage des donn\u00e9es d&rsquo;inventaire dans les installations commerciales et industrielles, les entrep\u00f4ts ainsi que les centres de distribution.\n\nSIA est flexible et offre un large \u00e9ventail de configurations possibles permettant de collecter et de valider les donn\u00e9es d&rsquo;inventaire en demandant simplement \u00e0 nos sp\u00e9cialistes de l&rsquo;inventaire de configurer nos appareils portables RM-3.\n\nSIA est con\u00e7u pour \u00eatre configur\u00e9 rapidement, pour capturer et valider les codes produits, les SKU, les UPC, les descriptions, les unit\u00e9s de mesure, les quantit\u00e9s, les stocks disponibles, et bien plus !\n<br>\n<br>\n\nLes protocoles de rapport et de transfert de fichiers sont coh\u00e9rents et permettent de produire tout format de fichier et de le rendre disponible en ligne via notre portail client. Mieux encore, la plateforme NEXTGEN propose des tableaux de bord de contr\u00f4le multiniveaux qui donnent vie \u00e0 vos inventaires.\n\t\t\t\t\t\t<\/div>\n\t\t\t\t<\/div>\n\t\t\t\t<div class=\"elementor-element elementor-element-5d8318f elementor-align-left elementor-mobile-align-left elementor-invisible elementor-widget elementor-widget-button\" data-id=\"5d8318f\" data-element_type=\"widget\" data-settings=\"{&quot;_animation&quot;:&quot;zoomIn&quot;}\" data-widget_type=\"button.default\">\n\t\t\t\t<div class=\"elementor-widget-container\">\n\t\t\t\t\t<div class=\"elementor-button-wrapper\">\n\t\t\t<a class=\"elementor-button elementor-button-link elementor-size-sm elementor-animation-pulse\" href=\"https:\/\/inventorypeople.com\/fr\/demandes-de-renseignements-clients\/\">\n\t\t\t\t\t\t<span class=\"elementor-button-content-wrapper\">\n\t\t\t\t\t\t\t\t\t<span class=\"elementor-button-text\">Contactez-nous <\/span>\n\t\t\t\t\t<\/span>\n\t\t\t\t\t<\/a>\n\t\t<\/div>\n\t\t\t\t<\/div>\n\t\t\t\t<\/div>\n\t\t\t\t\t<\/div>\n\t\t<\/div>\n\t\t\t\t<div class=\"elementor-column elementor-col-50 elementor-top-column elementor-element elementor-element-5bc404d\" data-id=\"5bc404d\" data-element_type=\"column\">\n\t\t\t<div class=\"elementor-widget-wrap elementor-element-populated\">\n\t\t\t\t\t\t<div class=\"elementor-element elementor-element-7df978f elementor-widget elementor-widget-image\" data-id=\"7df978f\" data-element_type=\"widget\" data-widget_type=\"image.default\">\n\t\t\t\t<div class=\"elementor-widget-container\">\n\t\t\t\t\t\t\t\t\t\t\t\t\t<img decoding=\"async\" width=\"3000\" height=\"2000\" src=\"https:\/\/inventorypeople.com\/wp-content\/uploads\/2024\/03\/SIA-1.png\" class=\"attachment-full size-full wp-image-1996\" alt=\"\" srcset=\"https:\/\/inventorypeople.com\/wp-content\/uploads\/2024\/03\/SIA-1.png 3000w, https:\/\/inventorypeople.com\/wp-content\/uploads\/2024\/03\/SIA-1-300x200.png 300w, https:\/\/inventorypeople.com\/wp-content\/uploads\/2024\/03\/SIA-1-1024x683.png 1024w, https:\/\/inventorypeople.com\/wp-content\/uploads\/2024\/03\/SIA-1-768x512.png 768w, https:\/\/inventorypeople.com\/wp-content\/uploads\/2024\/03\/SIA-1-1536x1024.png 1536w, https:\/\/inventorypeople.com\/wp-content\/uploads\/2024\/03\/SIA-1-2048x1365.png 2048w\" sizes=\"(max-width: 3000px) 100vw, 3000px\" \/>\t\t\t\t\t\t\t\t\t\t\t\t\t<\/div>\n\t\t\t\t<\/div>\n\t\t\t\t\t<\/div>\n\t\t<\/div>\n\t\t\t\t\t<\/div>\n\t\t<\/section>\n\t\t\t\t<section class=\"elementor-section elementor-top-section elementor-element elementor-element-2c8903c elementor-section-boxed elementor-section-height-default elementor-section-height-default\" data-id=\"2c8903c\" data-element_type=\"section\" data-settings=\"{&quot;background_background&quot;:&quot;classic&quot;}\">\n\t\t\t\t\t\t<div class=\"elementor-container elementor-column-gap-default\">\n\t\t\t\t\t<div class=\"elementor-column elementor-col-50 elementor-top-column elementor-element elementor-element-4326d1b\" data-id=\"4326d1b\" data-element_type=\"column\">\n\t\t\t<div class=\"elementor-widget-wrap elementor-element-populated\">\n\t\t\t\t\t\t<div class=\"elementor-element elementor-element-ee0dddf elementor-widget elementor-widget-image\" data-id=\"ee0dddf\" data-element_type=\"widget\" data-widget_type=\"image.default\">\n\t\t\t\t<div class=\"elementor-widget-container\">\n\t\t\t\t\t\t\t\t\t\t\t\t\t<img decoding=\"async\" width=\"504\" height=\"493\" src=\"https:\/\/inventorypeople.com\/wp-content\/uploads\/2023\/11\/right02-2.png\" class=\"attachment-full size-full wp-image-211\" alt=\"\" srcset=\"https:\/\/inventorypeople.com\/wp-content\/uploads\/2023\/11\/right02-2.png 504w, https:\/\/inventorypeople.com\/wp-content\/uploads\/2023\/11\/right02-2-300x293.png 300w\" sizes=\"(max-width: 504px) 100vw, 504px\" \/>\t\t\t\t\t\t\t\t\t\t\t\t\t<\/div>\n\t\t\t\t<\/div>\n\t\t\t\t\t<\/div>\n\t\t<\/div>\n\t\t\t\t<div class=\"elementor-column elementor-col-50 elementor-top-column elementor-element elementor-element-147c85b\" data-id=\"147c85b\" data-element_type=\"column\">\n\t\t\t<div class=\"elementor-widget-wrap elementor-element-populated\">\n\t\t\t\t\t\t<div class=\"elementor-element elementor-element-1443f8f elementor-widget elementor-widget-image\" data-id=\"1443f8f\" data-element_type=\"widget\" data-widget_type=\"image.default\">\n\t\t\t\t<div class=\"elementor-widget-container\">\n\t\t\t\t\t\t\t\t\t\t\t\t\t\t<a href=\"https:\/\/www.rgis.com\/news\/new-rgis-partner-in-canada\/\" target=\"_blank\" rel=\"noopener\">\n\t\t\t\t\t\t\t<img fetchpriority=\"high\" decoding=\"async\" width=\"800\" height=\"264\" src=\"https:\/\/inventorypeople.com\/wp-content\/uploads\/2024\/03\/IP_Powered_by_RGIS_Logo-1-1024x338.png\" class=\"attachment-large size-large wp-image-2095\" alt=\"\" srcset=\"https:\/\/inventorypeople.com\/wp-content\/uploads\/2024\/03\/IP_Powered_by_RGIS_Logo-1-1024x338.png 1024w, https:\/\/inventorypeople.com\/wp-content\/uploads\/2024\/03\/IP_Powered_by_RGIS_Logo-1-300x99.png 300w, https:\/\/inventorypeople.com\/wp-content\/uploads\/2024\/03\/IP_Powered_by_RGIS_Logo-1-768x253.png 768w, https:\/\/inventorypeople.com\/wp-content\/uploads\/2024\/03\/IP_Powered_by_RGIS_Logo-1-1536x507.png 1536w, https:\/\/inventorypeople.com\/wp-content\/uploads\/2024\/03\/IP_Powered_by_RGIS_Logo-1-2048x676.png 2048w\" sizes=\"(max-width: 800px) 100vw, 800px\" \/>\t\t\t\t\t\t\t\t<\/a>\n\t\t\t\t\t\t\t\t\t\t\t\t\t<\/div>\n\t\t\t\t<\/div>\n\t\t\t\t<div class=\"elementor-element elementor-element-cdc7886 elementor-widget elementor-widget-text-editor\" data-id=\"cdc7886\" data-element_type=\"widget\" data-widget_type=\"text-editor.default\">\n\t\t\t\t<div class=\"elementor-widget-container\">\n\t\t\t\t\t\t\tSIA s&rsquo;appuie sur trois d\u00e9cennies d&rsquo;exp\u00e9rience en mati\u00e8re d&rsquo;inventaire, de collecte et de gestion de donn\u00e9es\n\n\u00e0 l&rsquo;\u00e9chelle mondiale. L\u2019application SIA est abordable, productive, fiable, pr\u00e9cise et flexible, et il s\u2019agit de la seule solution hybride d&rsquo;inventaire dont vous aurez besoin pour collecter et produire votre inventaire vous-m\u00eame !\n\nAvec SIA, propuls\u00e9 par <a style=\"color: #769ccd; text-decoration: none; font-weight: bold;\" href=\"https:\/\/www.rgis.com\/\" target=\"_blank\" rel=\"noopener\">RGIS<\/a>, vous avez la possibilit\u00e9 d\u2019utiliser notre technologie d&rsquo;inventaire avec vos employ\u00e9s assist\u00e9s par nos experts en inventaire, ce qui permet de combiner les deux \u00e9quipes, augmentant ainsi les ressources dont vous avez besoin pour un inventaire parfait.\n\nNotre \u00e9quipe a proc\u00e9d\u00e9 \u00e0 des milliers de collectes de donn\u00e9es et d&rsquo;inventaires dans le monde entier pour les plus grands d\u00e9taillants, des fabricants r\u00e9put\u00e9s, et les organisations de cha\u00eenes d&rsquo;approvisionnement\n\n\nles plus complexes. SIA est la solution d&rsquo;inventaire hybride parfaite pour ceux qui souhaitent impliquer leur employ\u00e9s tout en utilisant le meilleur \u00e9quipement et le meilleur logiciel d&rsquo;inventaire au MONDE.\t\t\t\t\t\t<\/div>\n\t\t\t\t<\/div>\n\t\t\t\t<div class=\"elementor-element elementor-element-5557803 elementor-align-left elementor-mobile-align-left elementor-invisible elementor-widget elementor-widget-button\" data-id=\"5557803\" data-element_type=\"widget\" data-settings=\"{&quot;_animation&quot;:&quot;zoomIn&quot;}\" data-widget_type=\"button.default\">\n\t\t\t\t<div class=\"elementor-widget-container\">\n\t\t\t\t\t<div class=\"elementor-button-wrapper\">\n\t\t\t<a class=\"elementor-button elementor-button-link elementor-size-sm elementor-animation-pulse\" href=\"https:\/\/inventorypeople.com\/fr\/demandes-de-renseignements-clients\/\">\n\t\t\t\t\t\t<span class=\"elementor-button-content-wrapper\">\n\t\t\t\t\t\t\t\t\t<span class=\"elementor-button-text\">Contactez-nous <\/span>\n\t\t\t\t\t<\/span>\n\t\t\t\t\t<\/a>\n\t\t<\/div>\n\t\t\t\t<\/div>\n\t\t\t\t<\/div>\n\t\t\t\t\t<\/div>\n\t\t<\/div>\n\t\t\t\t\t<\/div>\n\t\t<\/section>\n\t\t\t\t<section class=\"elementor-section elementor-top-section elementor-element elementor-element-ce9bd51 elementor-hidden-desktop elementor-hidden-tablet elementor-hidden-mobile elementor-section-boxed elementor-section-height-default elementor-section-height-default\" data-id=\"ce9bd51\" data-element_type=\"section\" data-settings=\"{&quot;background_background&quot;:&quot;classic&quot;}\">\n\t\t\t\t\t\t\t<div class=\"elementor-background-overlay\"><\/div>\n\t\t\t\t\t\t\t<div class=\"elementor-container elementor-column-gap-no\">\n\t\t\t\t\t<div class=\"elementor-column elementor-col-100 elementor-top-column elementor-element elementor-element-a0d3a01\" data-id=\"a0d3a01\" data-element_type=\"column\" data-settings=\"{&quot;background_background&quot;:&quot;classic&quot;}\">\n\t\t\t<div class=\"elementor-widget-wrap elementor-element-populated\">\n\t\t\t\t\t\t<div class=\"elementor-element elementor-element-e195a31 elementor-invisible elementor-widget elementor-widget-heading\" data-id=\"e195a31\" data-element_type=\"widget\" data-settings=\"{&quot;_animation&quot;:&quot;fadeInUp&quot;}\" data-widget_type=\"heading.default\">\n\t\t\t\t<div class=\"elementor-widget-container\">\n\t\t\t<h6 class=\"elementor-heading-title elementor-size-default\">CONTACTEZ-NOUS<\/h6>\t\t<\/div>\n\t\t\t\t<\/div>\n\t\t\t\t<div class=\"elementor-element elementor-element-e946075 elementor-invisible elementor-widget elementor-widget-heading\" data-id=\"e946075\" data-element_type=\"widget\" data-settings=\"{&quot;_animation&quot;:&quot;fadeInUp&quot;}\" data-widget_type=\"heading.default\">\n\t\t\t\t<div class=\"elementor-widget-container\">\n\t\t\t<h2 class=\"elementor-heading-title elementor-size-default\">Un pas vers l\u2019inventaire parfait !<\/h2>\t\t<\/div>\n\t\t\t\t<\/div>\n\t\t\t\t<section class=\"elementor-section elementor-inner-section elementor-element elementor-element-1be5222 elementor-section-boxed elementor-section-height-default elementor-section-height-default\" data-id=\"1be5222\" data-element_type=\"section\">\n\t\t\t\t\t\t<div class=\"elementor-container elementor-column-gap-default\">\n\t\t\t\t\t<div class=\"elementor-column elementor-col-50 elementor-inner-column elementor-element elementor-element-994016d elementor-invisible\" data-id=\"994016d\" data-element_type=\"column\" data-settings=\"{&quot;background_background&quot;:&quot;classic&quot;,&quot;animation&quot;:&quot;fadeInLeft&quot;}\">\n\t\t\t<div class=\"elementor-widget-wrap elementor-element-populated\">\n\t\t\t\t\t\t<div class=\"elementor-element elementor-element-e3069ec elementor-invisible elementor-widget elementor-widget-heading\" data-id=\"e3069ec\" data-element_type=\"widget\" data-settings=\"{&quot;_animation&quot;:&quot;fadeInUp&quot;}\" data-widget_type=\"heading.default\">\n\t\t\t\t<div class=\"elementor-widget-container\">\n\t\t\t<h3 class=\"elementor-heading-title elementor-size-default\">CONTACTER<br>\nINVENTORY PEOPLE<\/h3>\t\t<\/div>\n\t\t\t\t<\/div>\n\t\t\t\t<div class=\"elementor-element elementor-element-2ace84a elementor-widget elementor-widget-shortcode\" data-id=\"2ace84a\" data-element_type=\"widget\" data-widget_type=\"shortcode.default\">\n\t\t\t\t<div class=\"elementor-widget-container\">\n\t\t\t\t\t<div class=\"elementor-shortcode\">\n<div class=\"wpcf7 no-js\" id=\"wpcf7-f2383-o1\" lang=\"fr-FR\" dir=\"ltr\">\n<div class=\"screen-reader-response\"><p role=\"status\" aria-live=\"polite\" aria-atomic=\"true\"><\/p> <ul><\/ul><\/div>\n<form action=\"\/fr\/wp-json\/wp\/v2\/pages\/2373#wpcf7-f2383-o1\" method=\"post\" class=\"wpcf7-form init\" aria-label=\"Formulaire de contact\" novalidate=\"novalidate\" data-status=\"init\">\n<div style=\"display: none;\">\n<input type=\"hidden\" name=\"_wpcf7\" value=\"2383\" \/>\n<input type=\"hidden\" name=\"_wpcf7_version\" value=\"5.9.6\" \/>\n<input type=\"hidden\" name=\"_wpcf7_locale\" value=\"fr_FR\" \/>\n<input type=\"hidden\" name=\"_wpcf7_unit_tag\" value=\"wpcf7-f2383-o1\" \/>\n<input type=\"hidden\" name=\"_wpcf7_container_post\" value=\"0\" \/>\n<input type=\"hidden\" name=\"_wpcf7_posted_data_hash\" value=\"\" \/>\n<input type=\"hidden\" name=\"_wpcf7_recaptcha_response\" value=\"\" \/>\n<\/div>\n<div class=\"formWrap\">\n\t<p><span class=\"wpcf7-form-control-wrap\" data-name=\"your-name\"><input size=\"40\" maxlength=\"80\" class=\"wpcf7-form-control wpcf7-text wpcf7-validates-as-required formControl\" aria-required=\"true\" aria-invalid=\"false\" placeholder=\"NOM*\" value=\"\" type=\"text\" name=\"your-name\" \/><\/span><span class=\"wpcf7-form-control-wrap\" data-name=\"your-company\"><input size=\"40\" maxlength=\"80\" class=\"wpcf7-form-control wpcf7-text wpcf7-validates-as-required formControl\" aria-required=\"true\" aria-invalid=\"false\" placeholder=\"NOM DE I&#039;ENTREPRISE*\" value=\"\" type=\"text\" name=\"your-company\" \/><\/span><span class=\"wpcf7-form-control-wrap\" data-name=\"your-phone\"><input size=\"40\" maxlength=\"80\" class=\"wpcf7-form-control wpcf7-tel wpcf7-validates-as-required wpcf7-text wpcf7-validates-as-tel formControl\" aria-required=\"true\" aria-invalid=\"false\" placeholder=\"NUM\u00c9RO DE T\u00c9L\u00c9PHONE*\" value=\"\" type=\"tel\" name=\"your-phone\" \/><\/span><span class=\"wpcf7-form-control-wrap\" data-name=\"your-email\"><input size=\"40\" maxlength=\"80\" class=\"wpcf7-form-control wpcf7-email wpcf7-validates-as-required wpcf7-text wpcf7-validates-as-email formControl\" aria-required=\"true\" aria-invalid=\"false\" placeholder=\"COURRIEL*\" value=\"\" type=\"email\" name=\"your-email\" \/><\/span><span class=\"wpcf7-form-control-wrap\" data-name=\"your-message\"><textarea cols=\"80\" rows=\"4\" maxlength=\"400\" class=\"wpcf7-form-control wpcf7-textarea formControl formControlTextarea\" aria-invalid=\"false\" placeholder=\"\u00c9CRIRE UN MESSAGE\" name=\"your-message\"><\/textarea><\/span><input class=\"wpcf7-form-control wpcf7-submit has-spinner fromSubmit\" type=\"submit\" value=\"ENVOYER\" \/>\n\t<\/p>\n<\/div><div class=\"wpcf7-response-output\" aria-hidden=\"true\"><\/div>\n<\/form>\n<\/div>\n<\/div>\n\t\t\t\t<\/div>\n\t\t\t\t<\/div>\n\t\t\t\t\t<\/div>\n\t\t<\/div>\n\t\t\t\t<div class=\"elementor-column elementor-col-50 elementor-inner-column elementor-element elementor-element-2ad8d7c\" data-id=\"2ad8d7c\" data-element_type=\"column\">\n\t\t\t<div class=\"elementor-widget-wrap elementor-element-populated\">\n\t\t\t\t\t\t<div class=\"elementor-element elementor-element-688dc8d elementor-hidden-mobile elementor-invisible elementor-widget elementor-widget-heading\" data-id=\"688dc8d\" data-element_type=\"widget\" data-settings=\"{&quot;_animation&quot;:&quot;fadeInRight&quot;}\" data-widget_type=\"heading.default\">\n\t\t\t\t<div class=\"elementor-widget-container\">\n\t\t\t<h2 class=\"elementor-heading-title elementor-size-xl\">La meilleure <br>au Canada<br>\nd'inventaire<br> COMPTE<br> entreprise<\/h2>\t\t<\/div>\n\t\t\t\t<\/div>\n\t\t\t\t\t<\/div>\n\t\t<\/div>\n\t\t\t\t\t<\/div>\n\t\t<\/section>\n\t\t\t\t\t<\/div>\n\t\t<\/div>\n\t\t\t\t\t<\/div>\n\t\t<\/section>\n\t\t\t\t<\/div>\n\t\t","protected":false},"excerpt":{"rendered":"<p>Une solution d&rsquo;auto-inventaire abordable : voici SIA. Optimisez la gestion de votre inventaire avec SIA, propuls\u00e9 par RGIS. L&rsquo;INNOVATION EST AU C\u0152UR DE NOTRE ENTREPRISE SIA, propuls\u00e9 par RGIS, est con\u00e7u pour la collecte et le comptage des donn\u00e9es d&rsquo;inventaire dans les installations commerciales et industrielles, les entrep\u00f4ts ainsi que les centres de distribution. SIA [&hellip;]<\/p>\n","protected":false},"author":1,"featured_media":0,"parent":0,"menu_order":0,"comment_status":"closed","ping_status":"closed","template":"","meta":{"footnotes":"","_links_to":"","_links_to_target":""},"class_list":["post-2373","page","type-page","status-publish","hentry"],"_links":{"self":[{"href":"https:\/\/inventorypeople.com\/fr\/wp-json\/wp\/v2\/pages\/2373","targetHints":{"allow":["GET"]}}],"collection":[{"href":"https:\/\/inventorypeople.com\/fr\/wp-json\/wp\/v2\/pages"}],"about":[{"href":"https:\/\/inventorypeople.com\/fr\/wp-json\/wp\/v2\/types\/page"}],"author":[{"embeddable":true,"href":"https:\/\/inventorypeople.com\/fr\/wp-json\/wp\/v2\/users\/1"}],"replies":[{"embeddable":true,"href":"https:\/\/inventorypeople.com\/fr\/wp-json\/wp\/v2\/comments?post=2373"}],"version-history":[{"count":4,"href":"https:\/\/inventorypeople.com\/fr\/wp-json\/wp\/v2\/pages\/2373\/revisions"}],"predecessor-version":[{"id":2494,"href":"https:\/\/inventorypeople.com\/fr\/wp-json\/wp\/v2\/pages\/2373\/revisions\/2494"}],"wp:attachment":[{"href":"https:\/\/inventorypeople.com\/fr\/wp-json\/wp\/v2\/media?parent=2373"}],"curies":[{"name":"wp","href":"https:\/\/api.w.org\/{rel}","templated":true}]}}